{"id":226,"date":"2024-05-24T19:37:44","date_gmt":"2024-05-24T17:37:44","guid":{"rendered":"https:\/\/macreadesdeuxrives.fr\/?page_id=226"},"modified":"2025-03-27T15:09:44","modified_gmt":"2025-03-27T14:09:44","slug":"accueil-test","status":"publish","type":"page","link":"https:\/\/macreadesdeuxrives.fr\/","title":{"rendered":"Accueil"},"content":{"rendered":"\t\t<div data-elementor-type=\"wp-page\" data-elementor-id=\"226\" class=\"elementor elementor-226\" data-elementor-post-type=\"page\">\n\t\t\t\t<div class=\"elementor-element elementor-element-ec52e24 e-con-full e-flex e-con e-parent\" data-id=\"ec52e24\" data-element_type=\"container\" data-e-type=\"container\" data-settings=\"{&quot;background_background&quot;:&quot;classic&quot;,&quot;shape_divider_bottom&quot;:&quot;mountains&quot;}\">\n\t\t\t\t<div class=\"elementor-shape elementor-shape-bottom\" aria-hidden=\"true\" data-negative=\"false\">\n\t\t\t<svg xmlns=\"http:\/\/www.w3.org\/2000\/svg\" viewBox=\"0 0 1000 100\" preserveAspectRatio=\"none\">\n\t<path class=\"elementor-shape-fill\" opacity=\"0.33\" d=\"M473,67.3c-203.9,88.3-263.1-34-320.3,0C66,119.1,0,59.7,0,59.7V0h1000v59.7 c0,0-62.1,26.1-94.9,29.3c-32.8,3.3-62.8-12.3-75.8-22.1C806,49.6,745.3,8.7,694.9,4.7S492.4,59,473,67.3z\"\/>\n\t<path class=\"elementor-shape-fill\" opacity=\"0.66\" d=\"M734,67.3c-45.5,0-77.2-23.2-129.1-39.1c-28.6-8.7-150.3-10.1-254,39.1 s-91.7-34.4-149.2,0C115.7,118.3,0,39.8,0,39.8V0h1000v36.5c0,0-28.2-18.5-92.1-18.5C810.2,18.1,775.7,67.3,734,67.3z\"\/>\n\t<path class=\"elementor-shape-fill\" d=\"M766.1,28.9c-200-57.5-266,65.5-395.1,19.5C242,1.8,242,5.4,184.8,20.6C128,35.8,132.3,44.9,89.9,52.5C28.6,63.7,0,0,0,0 h1000c0,0-9.9,40.9-83.6,48.1S829.6,47,766.1,28.9z\"\/>\n<\/svg>\t\t<\/div>\n\t\t\t\t<div class=\"elementor-element elementor-element-f683820 elementor-widget elementor-widget-spacer\" data-id=\"f683820\" data-element_type=\"widget\" data-e-type=\"widget\" data-widget_type=\"spacer.default\">\n\t\t\t\t<div class=\"elementor-widget-container\">\n\t\t\t\t\t\t\t<div class=\"elementor-spacer\">\n\t\t\t<div class=\"elementor-spacer-inner\"><\/div>\n\t\t<\/div>\n\t\t\t\t\t\t<\/div>\n\t\t\t\t<\/div>\n\t\t\t\t<div class=\"elementor-element elementor-element-9f324ee elementor-invisible elementor-widget elementor-widget-heading\" data-id=\"9f324ee\" data-element_type=\"widget\" data-e-type=\"widget\" data-settings=\"{&quot;_animation&quot;:&quot;fadeInDown&quot;}\" data-widget_type=\"heading.default\">\n\t\t\t\t<div class=\"elementor-widget-container\">\n\t\t\t\t\t<h1 class=\"elementor-heading-title elementor-size-default\">Cr\u00e9ation et am\u00e9nagement de jardin<\/h1>\t\t\t\t<\/div>\n\t\t\t\t<\/div>\n\t\t\t\t<div class=\"elementor-element elementor-element-51adad1 elementor-widget__width-initial elementor-widget elementor-widget-text-editor\" data-id=\"51adad1\" data-element_type=\"widget\" data-e-type=\"widget\" data-widget_type=\"text-editor.default\">\n\t\t\t\t<div class=\"elementor-widget-container\">\n\t\t\t\t\t\t\t\t\t<p>Nous r\u00e9alisons un am\u00e9nagement et une prise en charge sur mesure. D\u00e9couvrez nos prestations et n&rsquo;h\u00e9sitez pas \u00e0 nous contacter, pour un devis personnalis\u00e9.<\/p>\t\t\t\t\t\t\t\t<\/div>\n\t\t\t\t<\/div>\n\t\t\t\t<div class=\"elementor-element elementor-element-a6887e4 elementor-align-center e-transform elementor-invisible elementor-widget elementor-widget-button\" data-id=\"a6887e4\" data-element_type=\"widget\" data-e-type=\"widget\" data-settings=\"{&quot;_animation&quot;:&quot;fadeIn&quot;,&quot;_transform_scale_effect_hover&quot;:{&quot;unit&quot;:&quot;px&quot;,&quot;size&quot;:1.2,&quot;sizes&quot;:[]},&quot;_transform_scale_effect_hover_tablet&quot;:{&quot;unit&quot;:&quot;px&quot;,&quot;size&quot;:&quot;&quot;,&quot;sizes&quot;:[]},&quot;_transform_scale_effect_hover_mobile&quot;:{&quot;unit&quot;:&quot;px&quot;,&quot;size&quot;:&quot;&quot;,&quot;sizes&quot;:[]}}\" data-widget_type=\"button.default\">\n\t\t\t\t<div class=\"elementor-widget-container\">\n\t\t\t\t\t\t\t\t\t<div class=\"elementor-button-wrapper\">\n\t\t\t\t\t<a class=\"elementor-button elementor-button-link elementor-size-sm\" href=\"https:\/\/macreadesdeuxrives.fr\/index.php\/contact\/\">\n\t\t\t\t\t\t<span class=\"elementor-button-content-wrapper\">\n\t\t\t\t\t\t\t\t\t<span class=\"elementor-button-text\">CONTACT<\/span>\n\t\t\t\t\t<\/span>\n\t\t\t\t\t<\/a>\n\t\t\t\t<\/div>\n\t\t\t\t\t\t\t\t<\/div>\n\t\t\t\t<\/div>\n\t\t\t\t<div class=\"elementor-element elementor-element-51b0870 elementor-widget elementor-widget-spacer\" data-id=\"51b0870\" data-element_type=\"widget\" data-e-type=\"widget\" data-widget_type=\"spacer.default\">\n\t\t\t\t<div class=\"elementor-widget-container\">\n\t\t\t\t\t\t\t<div class=\"elementor-spacer\">\n\t\t\t<div class=\"elementor-spacer-inner\"><\/div>\n\t\t<\/div>\n\t\t\t\t\t\t<\/div>\n\t\t\t\t<\/div>\n\t\t\t\t<\/div>\n\t\t<div class=\"elementor-element elementor-element-129545a e-flex e-con-boxed e-con e-parent\" data-id=\"129545a\" data-element_type=\"container\" data-e-type=\"container\">\n\t\t\t\t\t<div class=\"e-con-inner\">\n\t\t\t\t<div class=\"elementor-element elementor-element-8c23f8d elementor-widget elementor-widget-spacer\" data-id=\"8c23f8d\" data-element_type=\"widget\" data-e-type=\"widget\" data-widget_type=\"spacer.default\">\n\t\t\t\t<div class=\"elementor-widget-container\">\n\t\t\t\t\t\t\t<div class=\"elementor-spacer\">\n\t\t\t<div class=\"elementor-spacer-inner\"><\/div>\n\t\t<\/div>\n\t\t\t\t\t\t<\/div>\n\t\t\t\t<\/div>\n\t\t\t\t\t<\/div>\n\t\t\t\t<\/div>\n\t\t<div class=\"elementor-element elementor-element-042a0cb e-grid e-con-boxed e-con e-parent\" data-id=\"042a0cb\" data-element_type=\"container\" data-e-type=\"container\">\n\t\t\t\t\t<div class=\"e-con-inner\">\n\t\t\t\t<div class=\"elementor-element elementor-element-c36eecb elementor-widget-mobile__width-initial elementor-position-top elementor-invisible elementor-widget elementor-widget-image-box\" data-id=\"c36eecb\" data-element_type=\"widget\" data-e-type=\"widget\" data-settings=\"{&quot;_animation&quot;:&quot;fadeInDown&quot;}\" data-widget_type=\"image-box.default\">\n\t\t\t\t<div class=\"elementor-widget-container\">\n\t\t\t\t\t<div class=\"elementor-image-box-wrapper\"><figure class=\"elementor-image-box-img\"><a href=\"https:\/\/macreadesdeuxrives.fr\/index.php\/creation-de-jardins\/\" tabindex=\"-1\"><img fetchpriority=\"high\" decoding=\"async\" width=\"417\" height=\"417\" src=\"https:\/\/macreadesdeuxrives.fr\/wp-content\/uploads\/2024\/05\/Pictos-web-macreadesdeuxrives.png\" class=\"elementor-animation-grow attachment-full size-full wp-image-197\" alt=\"\" srcset=\"https:\/\/macreadesdeuxrives.fr\/wp-content\/uploads\/2024\/05\/Pictos-web-macreadesdeuxrives.png 417w, https:\/\/macreadesdeuxrives.fr\/wp-content\/uploads\/2024\/05\/Pictos-web-macreadesdeuxrives-300x300.png 300w, https:\/\/macreadesdeuxrives.fr\/wp-content\/uploads\/2024\/05\/Pictos-web-macreadesdeuxrives-150x150.png 150w\" sizes=\"(max-width: 417px) 100vw, 417px\" \/><\/a><\/figure><div class=\"elementor-image-box-content\"><h3 class=\"elementor-image-box-title\"><a href=\"https:\/\/macreadesdeuxrives.fr\/index.php\/creation-de-jardins\/\">Cr\u00e9ation jardin<\/a><\/h3><p class=\"elementor-image-box-description\">Cr\u00e9ation et am\u00e9nagement complet de votre espace ext\u00e9rieur.<\/p><\/div><\/div>\t\t\t\t<\/div>\n\t\t\t\t<\/div>\n\t\t\t\t<div class=\"elementor-element elementor-element-15bf886 elementor-widget-mobile__width-initial elementor-position-top elementor-invisible elementor-widget elementor-widget-image-box\" data-id=\"15bf886\" data-element_type=\"widget\" data-e-type=\"widget\" data-settings=\"{&quot;_animation&quot;:&quot;fadeInDown&quot;}\" data-widget_type=\"image-box.default\">\n\t\t\t\t<div class=\"elementor-widget-container\">\n\t\t\t\t\t<div class=\"elementor-image-box-wrapper\"><figure class=\"elementor-image-box-img\"><a href=\"https:\/\/macreadesdeuxrives.fr\/index.php\/monter-vos-maconneries\/\" tabindex=\"-1\"><img decoding=\"async\" width=\"417\" height=\"417\" src=\"https:\/\/macreadesdeuxrives.fr\/wp-content\/uploads\/2024\/05\/Pictos-web-macreadesdeuxrives2.png\" class=\"elementor-animation-grow attachment-full size-full wp-image-198\" alt=\"\" srcset=\"https:\/\/macreadesdeuxrives.fr\/wp-content\/uploads\/2024\/05\/Pictos-web-macreadesdeuxrives2.png 417w, https:\/\/macreadesdeuxrives.fr\/wp-content\/uploads\/2024\/05\/Pictos-web-macreadesdeuxrives2-300x300.png 300w, https:\/\/macreadesdeuxrives.fr\/wp-content\/uploads\/2024\/05\/Pictos-web-macreadesdeuxrives2-150x150.png 150w\" sizes=\"(max-width: 417px) 100vw, 417px\" \/><\/a><\/figure><div class=\"elementor-image-box-content\"><h3 class=\"elementor-image-box-title\"><a href=\"https:\/\/macreadesdeuxrives.fr\/index.php\/monter-vos-maconneries\/\">Ma\u00e7onnerie<\/a><\/h3><p class=\"elementor-image-box-description\">R\u00e9alisation de ma\u00e7onneries paysag\u00e8res pour embellir votre jardin.<\/p><\/div><\/div>\t\t\t\t<\/div>\n\t\t\t\t<\/div>\n\t\t\t\t<div class=\"elementor-element elementor-element-4af032d elementor-widget-mobile__width-initial elementor-position-top elementor-invisible elementor-widget elementor-widget-image-box\" data-id=\"4af032d\" data-element_type=\"widget\" data-e-type=\"widget\" data-settings=\"{&quot;_animation&quot;:&quot;fadeInDown&quot;}\" data-widget_type=\"image-box.default\">\n\t\t\t\t<div class=\"elementor-widget-container\">\n\t\t\t\t\t<div class=\"elementor-image-box-wrapper\"><figure class=\"elementor-image-box-img\"><a href=\"https:\/\/macreadesdeuxrives.fr\/index.php\/amenager-vos-allees-bordures\/\" tabindex=\"-1\"><img decoding=\"async\" width=\"417\" height=\"417\" src=\"https:\/\/macreadesdeuxrives.fr\/wp-content\/uploads\/2024\/05\/Pictos-web-macreadesdeuxrives3.png\" class=\"elementor-animation-grow attachment-full size-full wp-image-199\" alt=\"\" srcset=\"https:\/\/macreadesdeuxrives.fr\/wp-content\/uploads\/2024\/05\/Pictos-web-macreadesdeuxrives3.png 417w, https:\/\/macreadesdeuxrives.fr\/wp-content\/uploads\/2024\/05\/Pictos-web-macreadesdeuxrives3-300x300.png 300w, https:\/\/macreadesdeuxrives.fr\/wp-content\/uploads\/2024\/05\/Pictos-web-macreadesdeuxrives3-150x150.png 150w\" sizes=\"(max-width: 417px) 100vw, 417px\" \/><\/a><\/figure><div class=\"elementor-image-box-content\"><h3 class=\"elementor-image-box-title\"><a href=\"https:\/\/macreadesdeuxrives.fr\/index.php\/amenager-vos-allees-bordures\/\">All\u00e9e &amp; bordure<\/a><\/h3><p class=\"elementor-image-box-description\">Conception de vos all\u00e9es et bordures, d\u00e9coratives et circulables.<\/p><\/div><\/div>\t\t\t\t<\/div>\n\t\t\t\t<\/div>\n\t\t\t\t<div class=\"elementor-element elementor-element-b43cb13 elementor-widget-mobile__width-initial elementor-position-top elementor-invisible elementor-widget elementor-widget-image-box\" data-id=\"b43cb13\" data-element_type=\"widget\" data-e-type=\"widget\" data-settings=\"{&quot;_animation&quot;:&quot;fadeInDown&quot;}\" data-widget_type=\"image-box.default\">\n\t\t\t\t<div class=\"elementor-widget-container\">\n\t\t\t\t\t<div class=\"elementor-image-box-wrapper\"><figure class=\"elementor-image-box-img\"><a href=\"https:\/\/macreadesdeuxrives.fr\/index.php\/concevoir-votre-terrasse\/\" tabindex=\"-1\"><img loading=\"lazy\" decoding=\"async\" width=\"417\" height=\"417\" src=\"https:\/\/macreadesdeuxrives.fr\/wp-content\/uploads\/2024\/05\/Pictos-web-macreadesdeuxrives4.png\" class=\"elementor-animation-grow attachment-full size-full wp-image-200\" alt=\"\" srcset=\"https:\/\/macreadesdeuxrives.fr\/wp-content\/uploads\/2024\/05\/Pictos-web-macreadesdeuxrives4.png 417w, https:\/\/macreadesdeuxrives.fr\/wp-content\/uploads\/2024\/05\/Pictos-web-macreadesdeuxrives4-300x300.png 300w, https:\/\/macreadesdeuxrives.fr\/wp-content\/uploads\/2024\/05\/Pictos-web-macreadesdeuxrives4-150x150.png 150w\" sizes=\"(max-width: 417px) 100vw, 417px\" \/><\/a><\/figure><div class=\"elementor-image-box-content\"><h3 class=\"elementor-image-box-title\"><a href=\"https:\/\/macreadesdeuxrives.fr\/index.php\/concevoir-votre-terrasse\/\">Terrasse<\/a><\/h3><p class=\"elementor-image-box-description\">Conception de votre terrasse pour profiter de vos espaces ext\u00e9rieurs.<\/p><\/div><\/div>\t\t\t\t<\/div>\n\t\t\t\t<\/div>\n\t\t\t\t<div class=\"elementor-element elementor-element-bb6d4ad elementor-widget-mobile__width-initial elementor-position-top elementor-invisible elementor-widget elementor-widget-image-box\" data-id=\"bb6d4ad\" data-element_type=\"widget\" data-e-type=\"widget\" data-settings=\"{&quot;_animation&quot;:&quot;fadeInDown&quot;}\" data-widget_type=\"image-box.default\">\n\t\t\t\t<div class=\"elementor-widget-container\">\n\t\t\t\t\t<div class=\"elementor-image-box-wrapper\"><figure class=\"elementor-image-box-img\"><a href=\"https:\/\/macreadesdeuxrives.fr\/index.php\/poser-votre-cloture\/\" tabindex=\"-1\"><img loading=\"lazy\" decoding=\"async\" width=\"417\" height=\"417\" src=\"https:\/\/macreadesdeuxrives.fr\/wp-content\/uploads\/2024\/05\/Pictos-web-macreadesdeuxrives5.png\" class=\"elementor-animation-grow attachment-full size-full wp-image-201\" alt=\"\" srcset=\"https:\/\/macreadesdeuxrives.fr\/wp-content\/uploads\/2024\/05\/Pictos-web-macreadesdeuxrives5.png 417w, https:\/\/macreadesdeuxrives.fr\/wp-content\/uploads\/2024\/05\/Pictos-web-macreadesdeuxrives5-300x300.png 300w, https:\/\/macreadesdeuxrives.fr\/wp-content\/uploads\/2024\/05\/Pictos-web-macreadesdeuxrives5-150x150.png 150w\" sizes=\"(max-width: 417px) 100vw, 417px\" \/><\/a><\/figure><div class=\"elementor-image-box-content\"><h3 class=\"elementor-image-box-title\"><a href=\"https:\/\/macreadesdeuxrives.fr\/index.php\/poser-votre-cloture\/\">Cl\u00f4ture<\/a><\/h3><p class=\"elementor-image-box-description\">Pose de cl\u00f4tures pour d\u00e9limiter et s\u00e9curiser votre espace.<\/p><\/div><\/div>\t\t\t\t<\/div>\n\t\t\t\t<\/div>\n\t\t\t\t<div class=\"elementor-element elementor-element-8c7ddef elementor-widget-mobile__width-initial elementor-position-top elementor-invisible elementor-widget elementor-widget-image-box\" data-id=\"8c7ddef\" data-element_type=\"widget\" data-e-type=\"widget\" data-settings=\"{&quot;_animation&quot;:&quot;fadeInDown&quot;}\" data-widget_type=\"image-box.default\">\n\t\t\t\t<div class=\"elementor-widget-container\">\n\t\t\t\t\t<div class=\"elementor-image-box-wrapper\"><figure class=\"elementor-image-box-img\"><a href=\"https:\/\/macreadesdeuxrives.fr\/index.php\/plantation-et-massif\/\" tabindex=\"-1\"><img loading=\"lazy\" decoding=\"async\" width=\"417\" height=\"417\" src=\"https:\/\/macreadesdeuxrives.fr\/wp-content\/uploads\/2025\/01\/Pictos-web-macreadesdeuxrives6.png\" class=\"elementor-animation-grow attachment-full size-full wp-image-723\" alt=\"\" srcset=\"https:\/\/macreadesdeuxrives.fr\/wp-content\/uploads\/2025\/01\/Pictos-web-macreadesdeuxrives6.png 417w, https:\/\/macreadesdeuxrives.fr\/wp-content\/uploads\/2025\/01\/Pictos-web-macreadesdeuxrives6-300x300.png 300w, https:\/\/macreadesdeuxrives.fr\/wp-content\/uploads\/2025\/01\/Pictos-web-macreadesdeuxrives6-150x150.png 150w\" sizes=\"(max-width: 417px) 100vw, 417px\" \/><\/a><\/figure><div class=\"elementor-image-box-content\"><h3 class=\"elementor-image-box-title\"><a href=\"https:\/\/macreadesdeuxrives.fr\/index.php\/plantation-et-massif\/\">Plantation &amp; massif<\/a><\/h3><p class=\"elementor-image-box-description\">Plantation et am\u00e9nagement de vos massifs de fleurs et v\u00e9g\u00e9taux.<\/p><\/div><\/div>\t\t\t\t<\/div>\n\t\t\t\t<\/div>\n\t\t\t\t\t<\/div>\n\t\t\t\t<\/div>\n\t\t<div class=\"elementor-element elementor-element-af1e142 e-flex e-con-boxed e-con e-parent\" data-id=\"af1e142\" data-element_type=\"container\" data-e-type=\"container\">\n\t\t\t\t\t<div class=\"e-con-inner\">\n\t\t\t\t<div class=\"elementor-element elementor-element-f2d9e9d elementor-widget elementor-widget-spacer\" data-id=\"f2d9e9d\" data-element_type=\"widget\" data-e-type=\"widget\" data-widget_type=\"spacer.default\">\n\t\t\t\t<div class=\"elementor-widget-container\">\n\t\t\t\t\t\t\t<div class=\"elementor-spacer\">\n\t\t\t<div class=\"elementor-spacer-inner\"><\/div>\n\t\t<\/div>\n\t\t\t\t\t\t<\/div>\n\t\t\t\t<\/div>\n\t\t\t\t\t<\/div>\n\t\t\t\t<\/div>\n\t\t<div class=\"elementor-element elementor-element-6027186 e-flex e-con-boxed e-con e-parent\" data-id=\"6027186\" data-element_type=\"container\" data-e-type=\"container\" data-settings=\"{&quot;shape_divider_bottom&quot;:&quot;mountains&quot;}\">\n\t\t\t\t\t<div class=\"e-con-inner\">\n\t\t\t\t<div class=\"elementor-shape elementor-shape-bottom\" aria-hidden=\"true\" data-negative=\"false\">\n\t\t\t<svg xmlns=\"http:\/\/www.w3.org\/2000\/svg\" viewBox=\"0 0 1000 100\" preserveAspectRatio=\"none\">\n\t<path class=\"elementor-shape-fill\" opacity=\"0.33\" d=\"M473,67.3c-203.9,88.3-263.1-34-320.3,0C66,119.1,0,59.7,0,59.7V0h1000v59.7 c0,0-62.1,26.1-94.9,29.3c-32.8,3.3-62.8-12.3-75.8-22.1C806,49.6,745.3,8.7,694.9,4.7S492.4,59,473,67.3z\"\/>\n\t<path class=\"elementor-shape-fill\" opacity=\"0.66\" d=\"M734,67.3c-45.5,0-77.2-23.2-129.1-39.1c-28.6-8.7-150.3-10.1-254,39.1 s-91.7-34.4-149.2,0C115.7,118.3,0,39.8,0,39.8V0h1000v36.5c0,0-28.2-18.5-92.1-18.5C810.2,18.1,775.7,67.3,734,67.3z\"\/>\n\t<path class=\"elementor-shape-fill\" d=\"M766.1,28.9c-200-57.5-266,65.5-395.1,19.5C242,1.8,242,5.4,184.8,20.6C128,35.8,132.3,44.9,89.9,52.5C28.6,63.7,0,0,0,0 h1000c0,0-9.9,40.9-83.6,48.1S829.6,47,766.1,28.9z\"\/>\n<\/svg>\t\t<\/div>\n\t\t<div class=\"elementor-element elementor-element-8c5b873 e-con-full e-flex e-con e-child\" data-id=\"8c5b873\" data-element_type=\"container\" data-e-type=\"container\">\n\t\t\t\t<div class=\"elementor-element elementor-element-5192d77 elementor-invisible elementor-widget elementor-widget-image\" data-id=\"5192d77\" data-element_type=\"widget\" data-e-type=\"widget\" data-settings=\"{&quot;_animation&quot;:&quot;fadeInLeft&quot;,&quot;_animation_tablet&quot;:&quot;fadeInLeft&quot;}\" data-widget_type=\"image.default\">\n\t\t\t\t<div class=\"elementor-widget-container\">\n\t\t\t\t\t\t\t\t\t\t\t\t\t\t\t<img loading=\"lazy\" decoding=\"async\" width=\"1536\" height=\"914\" src=\"https:\/\/macreadesdeuxrives.fr\/wp-content\/uploads\/2024\/05\/Camion-macreaok-1536x914.jpg\" class=\"attachment-1536x1536 size-1536x1536 wp-image-207\" alt=\"\" srcset=\"https:\/\/macreadesdeuxrives.fr\/wp-content\/uploads\/2024\/05\/Camion-macreaok-1536x914.jpg 1536w, https:\/\/macreadesdeuxrives.fr\/wp-content\/uploads\/2024\/05\/Camion-macreaok-300x178.jpg 300w, https:\/\/macreadesdeuxrives.fr\/wp-content\/uploads\/2024\/05\/Camion-macreaok-1024x609.jpg 1024w, https:\/\/macreadesdeuxrives.fr\/wp-content\/uploads\/2024\/05\/Camion-macreaok-768x457.jpg 768w, https:\/\/macreadesdeuxrives.fr\/wp-content\/uploads\/2024\/05\/Camion-macreaok-2048x1218.jpg 2048w\" sizes=\"(max-width: 1536px) 100vw, 1536px\" \/>\t\t\t\t\t\t\t\t\t\t\t\t\t\t\t<\/div>\n\t\t\t\t<\/div>\n\t\t\t\t<\/div>\n\t\t\t\t<div class=\"elementor-element elementor-element-097413a elementor-widget elementor-widget-spacer\" data-id=\"097413a\" data-element_type=\"widget\" data-e-type=\"widget\" data-widget_type=\"spacer.default\">\n\t\t\t\t<div class=\"elementor-widget-container\">\n\t\t\t\t\t\t\t<div class=\"elementor-spacer\">\n\t\t\t<div class=\"elementor-spacer-inner\"><\/div>\n\t\t<\/div>\n\t\t\t\t\t\t<\/div>\n\t\t\t\t<\/div>\n\t\t<div class=\"elementor-element elementor-element-d390111 e-con-full e-flex e-con e-child\" data-id=\"d390111\" data-element_type=\"container\" data-e-type=\"container\">\n\t\t\t\t<div class=\"elementor-element elementor-element-492ac72 elementor-widget elementor-widget-heading\" data-id=\"492ac72\" data-element_type=\"widget\" data-e-type=\"widget\" data-widget_type=\"heading.default\">\n\t\t\t\t<div class=\"elementor-widget-container\">\n\t\t\t\t\t<h2 class=\"elementor-heading-title elementor-size-default\">Votre paysagiste<\/h2>\t\t\t\t<\/div>\n\t\t\t\t<\/div>\n\t\t\t\t<div class=\"elementor-element elementor-element-2cd0cd6 elementor-widget elementor-widget-text-editor\" data-id=\"2cd0cd6\" data-element_type=\"widget\" data-e-type=\"widget\" data-widget_type=\"text-editor.default\">\n\t\t\t\t<div class=\"elementor-widget-container\">\n\t\t\t\t\t\t\t\t\t<p>\u00c9tablie \u00e0 G\u00e9tign\u00e9, en Loire-Atlantique (44), <strong>MA CR\u00c9A DES DEUX RIVES <\/strong>intervient dans le secteur des Pays de la Loire. Fond\u00e9e par Arnaud MABIT, l&rsquo;entreprise compte aujourd&rsquo;hui 4 paysagistes et offre une gamme compl\u00e8te de services pour l\u2019am\u00e9nagement ext\u00e9rieur.<\/p><p>Sp\u00e9cialis\u00e9s dans le paysagisme et la cr\u00e9ation d\u2019espaces ext\u00e9rieurs, nous offrons une prise en charge et un accompagnement personnalis\u00e9.<\/p><p>N&rsquo;h\u00e9sitez pas \u00e0 nous contacter, nous serons ravis de vous accompagner dans votre projet.<\/p>\t\t\t\t\t\t\t\t<\/div>\n\t\t\t\t<\/div>\n\t\t\t\t<\/div>\n\t\t\t\t\t<\/div>\n\t\t\t\t<\/div>\n\t\t\t\t<\/div>\n\t\t","protected":false},"excerpt":{"rendered":"<p>Cr\u00e9ation et am\u00e9nagement de jardin Nous r\u00e9alisons un am\u00e9nagement et une prise en charge sur mesure. D\u00e9couvrez nos prestations et n&rsquo;h\u00e9sitez pas \u00e0 nous contacter, pour un devis personnalis\u00e9. CONTACT Cr\u00e9ation jardin Cr\u00e9ation et am\u00e9nagement complet de votre espace ext\u00e9rieur. Ma\u00e7onnerie R\u00e9alisation de ma\u00e7onneries paysag\u00e8res pour embellir votre jardin. All\u00e9e &#038; bordure Conception de vos&hellip;&nbsp;<a href=\"https:\/\/macreadesdeuxrives.fr\/\" rel=\"bookmark\">Lire la suite &raquo;<span class=\"screen-reader-text\">Accueil<\/span><\/a><\/p>\n","protected":false},"author":1,"featured_media":0,"parent":0,"menu_order":0,"comment_status":"closed","ping_status":"closed","template":"page-templates\/template-pagebuilder-full-width.php","meta":{"neve_meta_sidebar":"","neve_meta_container":"","neve_meta_enable_content_width":"","neve_meta_content_width":0,"neve_meta_title_alignment":"","neve_meta_author_avatar":"","neve_post_elements_order":"","neve_meta_disable_header":"","neve_meta_disable_footer":"","neve_meta_disable_title":"","footnotes":""},"class_list":["post-226","page","type-page","status-publish","hentry"],"_links":{"self":[{"href":"https:\/\/macreadesdeuxrives.fr\/index.php\/wp-json\/wp\/v2\/pages\/226","targetHints":{"allow":["GET"]}}],"collection":[{"href":"https:\/\/macreadesdeuxrives.fr\/index.php\/wp-json\/wp\/v2\/pages"}],"about":[{"href":"https:\/\/macreadesdeuxrives.fr\/index.php\/wp-json\/wp\/v2\/types\/page"}],"author":[{"embeddable":true,"href":"https:\/\/macreadesdeuxrives.fr\/index.php\/wp-json\/wp\/v2\/users\/1"}],"replies":[{"embeddable":true,"href":"https:\/\/macreadesdeuxrives.fr\/index.php\/wp-json\/wp\/v2\/comments?post=226"}],"version-history":[{"count":89,"href":"https:\/\/macreadesdeuxrives.fr\/index.php\/wp-json\/wp\/v2\/pages\/226\/revisions"}],"predecessor-version":[{"id":735,"href":"https:\/\/macreadesdeuxrives.fr\/index.php\/wp-json\/wp\/v2\/pages\/226\/revisions\/735"}],"wp:attachment":[{"href":"https:\/\/macreadesdeuxrives.fr\/index.php\/wp-json\/wp\/v2\/media?parent=226"}],"curies":[{"name":"wp","href":"https:\/\/api.w.org\/{rel}","templated":true}]}}